{"id":437,"date":"2025-01-04T14:45:38","date_gmt":"2025-01-04T13:45:38","guid":{"rendered":"https:\/\/isario.de\/?page_id=437"},"modified":"2026-02-05T19:04:26","modified_gmt":"2026-02-05T18:04:26","slug":"impressum","status":"publish","type":"page","link":"https:\/\/isario.de\/index.php\/impressum\/","title":{"rendered":"Impressum"},"content":{"rendered":"\t\t<div data-elementor-type=\"wp-page\" data-elementor-id=\"437\" class=\"elementor elementor-437\">\n\t\t\t\t<div class=\"elementor-element elementor-element-45428e5a e-flex e-con-boxed e-con e-parent\" data-id=\"45428e5a\" data-element_type=\"container\" data-e-type=\"container\">\n\t\t\t\t\t<div class=\"e-con-inner\">\n\t\t\t\t<div class=\"elementor-element elementor-element-427cc7a elementor-widget elementor-widget-text-editor\" data-id=\"427cc7a\" data-element_type=\"widget\" data-e-type=\"widget\" data-widget_type=\"text-editor.default\">\n\t\t\t\t<div class=\"elementor-widget-container\">\n\t\t\t\t\t\t\t\t\t<p style=\"text-align: center;\" data-start=\"121\" data-end=\"134\"><strong data-start=\"121\" data-end=\"134\">Impressum<\/strong><\/p><p style=\"text-align: center;\" data-start=\"136\" data-end=\"161\"><strong data-start=\"136\" data-end=\"161\">Angaben gem\u00e4\u00df \u00a7 5 TMG<\/strong><\/p><p style=\"text-align: center;\" data-start=\"163\" data-end=\"248\">Isario Facility Solutions<br data-start=\"188\" data-end=\"191\" \/>Inh. Kamil Zdanowski<br data-start=\"211\" data-end=\"214\" \/>Pollinger Str. 9<br data-start=\"230\" data-end=\"233\" \/>81377 M\u00fcnchen<\/p><p style=\"text-align: center;\" data-start=\"250\" data-end=\"333\">Telefon: +49 (0)176 60739569<br data-start=\"278\" data-end=\"281\" \/>E-Mail: <a class=\"decorated-link cursor-pointer\" rel=\"noopener\" data-start=\"289\" data-end=\"303\">info@isario.de<\/a><\/p><p style=\"text-align: center;\" data-start=\"335\" data-end=\"358\">USt-IdNr.: DE32929007<\/p><p style=\"text-align: center;\" data-start=\"360\" data-end=\"453\"><strong data-start=\"360\" data-end=\"380\">Registereintrag:<\/strong><br data-start=\"380\" data-end=\"383\" \/>Handwerkskammer f\u00fcr M\u00fcnchen und Oberbayern<br data-start=\"425\" data-end=\"428\" \/>Betriebsnummer: 7181037<\/p><p style=\"text-align: center;\" data-start=\"455\" data-end=\"572\"><strong data-start=\"455\" data-end=\"487\">Zust\u00e4ndige Aufsichtsbeh\u00f6rde:<\/strong><br data-start=\"487\" data-end=\"490\" \/>Handwerkskammer f\u00fcr M\u00fcnchen und Oberbayern<br data-start=\"532\" data-end=\"535\" \/>Max-Joseph-Stra\u00dfe 4<br data-start=\"554\" data-end=\"557\" \/>80333 M\u00fcnchen<\/p><p style=\"text-align: center;\" data-start=\"574\" data-end=\"706\"><strong data-start=\"574\" data-end=\"596\">Berufsbezeichnung:<\/strong> Handwerksbetrieb (Deutschland)<br data-start=\"627\" data-end=\"630\" \/><strong data-start=\"630\" data-end=\"681\">Es gelten folgende berufsrechtliche Regelungen:<\/strong> Handwerksordnung (HwO)<\/p><p style=\"text-align: center;\" data-start=\"708\" data-end=\"736\"><strong data-start=\"708\" data-end=\"726\">Gerichtsstand:<\/strong> M\u00fcnchen<\/p><hr data-start=\"738\" data-end=\"741\" \/><p style=\"text-align: center;\" data-start=\"743\" data-end=\"897\"><strong data-start=\"743\" data-end=\"767\">EU-Streitschlichtung<\/strong><br data-start=\"767\" data-end=\"770\" \/>Die Europ\u00e4ische Kommission stellt eine Plattform zur Online-Streitbeilegung (OS) bereit:<br data-start=\"858\" data-end=\"861\" \/><a class=\"decorated-link cursor-pointer\" target=\"_new\" rel=\"noopener\" data-start=\"861\" data-end=\"895\">https:\/\/ec.europa.eu\/consumers\/odr<\/a><\/p><p style=\"text-align: center;\" data-start=\"899\" data-end=\"1027\">Wir sind nicht verpflichtet und nicht bereit, an Streitbeilegungsverfahren vor einer Verbraucherschlichtungsstelle teilzunehmen.<\/p><hr data-start=\"1029\" data-end=\"1032\" \/><p style=\"text-align: center;\" data-start=\"1034\" data-end=\"1056\"><strong data-start=\"1034\" data-end=\"1056\">Haftungsausschluss<\/strong><\/p><p style=\"text-align: center;\" data-start=\"1058\" data-end=\"1788\"><strong data-start=\"1058\" data-end=\"1081\">Haftung f\u00fcr Inhalte<\/strong><br data-start=\"1081\" data-end=\"1084\" \/>Als Diensteanbieter sind wir gem\u00e4\u00df \u00a7 7 Abs.1 TMG f\u00fcr eigene Inhalte auf diesen Seiten nach den allgemeinen Gesetzen verantwortlich. Nach \u00a7\u00a7 8 bis 10 TMG sind wir als Diensteanbieter jedoch nicht verpflichtet, \u00fcbermittelte oder gespeicherte fremde Informationen zu \u00fcberwachen oder nach Umst\u00e4nden zu forschen, die auf eine rechtswidrige T\u00e4tigkeit hinweisen. Verpflichtungen zur Entfernung oder Sperrung der Nutzung von Informationen nach den allgemeinen Gesetzen bleiben hiervon unber\u00fchrt. Eine diesbez\u00fcgliche Haftung ist jedoch erst ab dem Zeitpunkt der Kenntnis einer konkreten Rechtsverletzung m\u00f6glich. Bei Bekanntwerden von entsprechenden Rechtsverletzungen werden wir diese Inhalte umgehend entfernen.<\/p><p style=\"text-align: center;\" data-start=\"1790\" data-end=\"2502\"><strong data-start=\"1790\" data-end=\"1811\">Haftung f\u00fcr Links<\/strong><br data-start=\"1811\" data-end=\"1814\" \/>Unser Angebot enth\u00e4lt Links zu externen Webseiten Dritter, auf deren Inhalte wir keinen Einfluss haben. Deshalb k\u00f6nnen wir f\u00fcr diese fremden Inhalte auch keine Gew\u00e4hr \u00fcbernehmen. F\u00fcr die Inhalte der verlinkten Seiten ist stets der jeweilige Anbieter oder Betreiber der Seiten verantwortlich. Die verlinkten Seiten wurden zum Zeitpunkt der Verlinkung auf m\u00f6gliche Rechtsverst\u00f6\u00dfe \u00fcberpr\u00fcft. Rechtswidrige Inhalte waren zum Zeitpunkt der Verlinkung nicht erkennbar. Eine permanente inhaltliche Kontrolle der verlinkten Seiten ist jedoch ohne konkrete Anhaltspunkte einer Rechtsverletzung nicht zumutbar. Bei Bekanntwerden von Rechtsverletzungen werden wir derartige Links umgehend entfernen.<\/p><p style=\"text-align: center;\" data-start=\"2504\" data-end=\"3319\"><strong data-start=\"2504\" data-end=\"2520\">Urheberrecht<\/strong><br data-start=\"2520\" data-end=\"2523\" \/>Die durch die Seitenbetreiber erstellten Inhalte und Werke auf diesen Seiten unterliegen dem deutschen Urheberrecht. Die Vervielf\u00e4ltigung, Bearbeitung, Verbreitung und jede Art der Verwertung au\u00dferhalb der Grenzen des Urheberrechtes bed\u00fcrfen der schriftlichen Zustimmung des jeweiligen Autors bzw. Erstellers. Downloads und Kopien dieser Seite sind nur f\u00fcr den privaten, nicht kommerziellen Gebrauch gestattet. Soweit die Inhalte auf dieser Seite nicht vom Betreiber erstellt wurden, werden die Urheberrechte Dritter beachtet. Insbesondere werden Inhalte Dritter als solche gekennzeichnet. Sollten Sie trotzdem auf eine Urheberrechtsverletzung aufmerksam werden, bitten wir um einen entsprechenden Hinweis. Bei Bekanntwerden von Rechtsverletzungen werden wir derartige Inhalte umgehend entfernen.<\/p><p><!-- \/wp:paragraph --><\/p>\t\t\t\t\t\t\t\t<\/div>\n\t\t\t\t<\/div>\n\t\t\t\t\t<\/div>\n\t\t\t\t<\/div>\n\t\t\t\t<\/div>\n\t\t","protected":false},"excerpt":{"rendered":"<p>Impressum Angaben gem\u00e4\u00df \u00a7 5 TMG Isario Facility SolutionsInh. Kamil ZdanowskiPollinger Str. 981377 M\u00fcnchen Telefon: +49 (0)176 60739569E-Mail: info@isario.de USt-IdNr.: [&hellip;]<\/p>\n","protected":false},"author":1,"featured_media":0,"parent":0,"menu_order":0,"comment_status":"closed","ping_status":"closed","template":"","meta":{"site-sidebar-layout":"default","site-content-layout":"","ast-site-content-layout":"default","site-content-style":"default","site-sidebar-style":"default","ast-global-header-display":"","ast-banner-title-visibility":"","ast-main-header-display":"","ast-hfb-above-header-display":"","ast-hfb-below-header-display":"","ast-hfb-mobile-header-display":"","site-post-title":"","ast-breadcrumbs-content":"","ast-featured-img":"","footer-sml-layout":"","ast-disable-related-posts":"","theme-transparent-header-meta":"","adv-header-id-meta":"","stick-header-meta":"","header-above-stick-meta":"","header-main-stick-meta":"","header-below-stick-meta":"","astra-migrate-meta-layouts":"default","ast-page-background-enabled":"default","ast-page-background-meta":{"desktop":{"background-color":"var(--ast-global-color-4)","background-image":"","background-repeat":"repeat","background-position":"center center","background-size":"auto","background-attachment":"scroll","background-type":"","background-media":"","overlay-type":"","overlay-color":"","overlay-opacity":"","overlay-gradient":""},"tablet":{"background-color":"","background-image":"","background-repeat":"repeat","background-position":"center center","background-size":"auto","background-attachment":"scroll","background-type":"","background-media":"","overlay-type":"","overlay-color":"","overlay-opacity":"","overlay-gradient":""},"mobile":{"background-color":"","background-image":"","background-repeat":"repeat","background-position":"center center","background-size":"auto","background-attachment":"scroll","background-type":"","background-media":"","overlay-type":"","overlay-color":"","overlay-opacity":"","overlay-gradient":""}},"ast-content-background-meta":{"desktop":{"background-color":"var(--ast-global-color-5)","background-image":"","background-repeat":"repeat","background-position":"center center","background-size":"auto","background-attachment":"scroll","background-type":"","background-media":"","overlay-type":"","overlay-color":"","overlay-opacity":"","overlay-gradient":""},"tablet":{"background-color":"var(--ast-global-color-5)","background-image":"","background-repeat":"repeat","background-position":"center center","background-size":"auto","background-attachment":"scroll","background-type":"","background-media":"","overlay-type":"","overlay-color":"","overlay-opacity":"","overlay-gradient":""},"mobile":{"background-color":"var(--ast-global-color-5)","background-image":"","background-repeat":"repeat","background-position":"center center","background-size":"auto","background-attachment":"scroll","background-type":"","background-media":"","overlay-type":"","overlay-color":"","overlay-opacity":"","overlay-gradient":""}},"footnotes":""},"class_list":["post-437","page","type-page","status-publish","hentry"],"yoast_head":"<!-- This site is optimized with the Yoast SEO plugin v27.4 - https:\/\/yoast.com\/product\/yoast-seo-wordpress\/ -->\n<title>Impressum -<\/title>\n<meta name=\"robots\" content=\"index, follow, max-snippet:-1, max-image-preview:large, max-video-preview:-1\" \/>\n<link rel=\"canonical\" href=\"https:\/\/isario.de\/index.php\/impressum\/\" \/>\n<meta property=\"og:locale\" content=\"pl_PL\" \/>\n<meta property=\"og:type\" content=\"article\" \/>\n<meta property=\"og:title\" content=\"Impressum -\" \/>\n<meta property=\"og:description\" content=\"Impressum Angaben gem\u00e4\u00df \u00a7 5 TMG Isario Facility SolutionsInh. Kamil ZdanowskiPollinger Str. 981377 M\u00fcnchen Telefon: +49 (0)176 60739569E-Mail: info@isario.de USt-IdNr.: [&hellip;]\" \/>\n<meta property=\"og:url\" content=\"https:\/\/isario.de\/index.php\/impressum\/\" \/>\n<meta property=\"article:publisher\" content=\"https:\/\/www.facebook.com\/HGZdanowski\" \/>\n<meta property=\"article:modified_time\" content=\"2026-02-05T18:04:26+00:00\" \/>\n<meta name=\"twitter:card\" content=\"summary_large_image\" \/>\n<meta name=\"twitter:label1\" content=\"Szacowany czas czytania\" \/>\n\t<meta name=\"twitter:data1\" content=\"3 minuty\" \/>\n<script type=\"application\/ld+json\" class=\"yoast-schema-graph\">{\"@context\":\"https:\\\/\\\/schema.org\",\"@graph\":[{\"@type\":\"WebPage\",\"@id\":\"https:\\\/\\\/isario.de\\\/index.php\\\/impressum\\\/\",\"url\":\"https:\\\/\\\/isario.de\\\/index.php\\\/impressum\\\/\",\"name\":\"Impressum -\",\"isPartOf\":{\"@id\":\"https:\\\/\\\/isario.de\\\/#website\"},\"datePublished\":\"2025-01-04T13:45:38+00:00\",\"dateModified\":\"2026-02-05T18:04:26+00:00\",\"breadcrumb\":{\"@id\":\"https:\\\/\\\/isario.de\\\/index.php\\\/impressum\\\/#breadcrumb\"},\"inLanguage\":\"pl-PL\",\"potentialAction\":[{\"@type\":\"ReadAction\",\"target\":[\"https:\\\/\\\/isario.de\\\/index.php\\\/impressum\\\/\"]}]},{\"@type\":\"BreadcrumbList\",\"@id\":\"https:\\\/\\\/isario.de\\\/index.php\\\/impressum\\\/#breadcrumb\",\"itemListElement\":[{\"@type\":\"ListItem\",\"position\":1,\"name\":\"Strona g\u0142\u00f3wna\",\"item\":\"https:\\\/\\\/isario.de\\\/\"},{\"@type\":\"ListItem\",\"position\":2,\"name\":\"Impressum\"}]},{\"@type\":\"WebSite\",\"@id\":\"https:\\\/\\\/isario.de\\\/#website\",\"url\":\"https:\\\/\\\/isario.de\\\/\",\"name\":\"Isario.de\",\"description\":\"\",\"publisher\":{\"@id\":\"https:\\\/\\\/isario.de\\\/#organization\"},\"potentialAction\":[{\"@type\":\"SearchAction\",\"target\":{\"@type\":\"EntryPoint\",\"urlTemplate\":\"https:\\\/\\\/isario.de\\\/?s={search_term_string}\"},\"query-input\":{\"@type\":\"PropertyValueSpecification\",\"valueRequired\":true,\"valueName\":\"search_term_string\"}}],\"inLanguage\":\"pl-PL\"},{\"@type\":\"Organization\",\"@id\":\"https:\\\/\\\/isario.de\\\/#organization\",\"name\":\"Isario Facility Solutions\",\"url\":\"https:\\\/\\\/isario.de\\\/\",\"logo\":{\"@type\":\"ImageObject\",\"inLanguage\":\"pl-PL\",\"@id\":\"https:\\\/\\\/isario.de\\\/#\\\/schema\\\/logo\\\/image\\\/\",\"url\":\"https:\\\/\\\/isario.de\\\/wp-content\\\/uploads\\\/2025\\\/12\\\/ISARIO-Znak-wodny-poziomy-scaled.png\",\"contentUrl\":\"https:\\\/\\\/isario.de\\\/wp-content\\\/uploads\\\/2025\\\/12\\\/ISARIO-Znak-wodny-poziomy-scaled.png\",\"width\":2560,\"height\":964,\"caption\":\"Isario Facility Solutions\"},\"image\":{\"@id\":\"https:\\\/\\\/isario.de\\\/#\\\/schema\\\/logo\\\/image\\\/\"},\"sameAs\":[\"https:\\\/\\\/www.facebook.com\\\/HGZdanowski\"]}]}<\/script>\n<!-- \/ Yoast SEO plugin. -->","yoast_head_json":{"title":"Impressum -","robots":{"index":"index","follow":"follow","max-snippet":"max-snippet:-1","max-image-preview":"max-image-preview:large","max-video-preview":"max-video-preview:-1"},"canonical":"https:\/\/isario.de\/index.php\/impressum\/","og_locale":"pl_PL","og_type":"article","og_title":"Impressum -","og_description":"Impressum Angaben gem\u00e4\u00df \u00a7 5 TMG Isario Facility SolutionsInh. Kamil ZdanowskiPollinger Str. 981377 M\u00fcnchen Telefon: +49 (0)176 60739569E-Mail: info@isario.de USt-IdNr.: [&hellip;]","og_url":"https:\/\/isario.de\/index.php\/impressum\/","article_publisher":"https:\/\/www.facebook.com\/HGZdanowski","article_modified_time":"2026-02-05T18:04:26+00:00","twitter_card":"summary_large_image","twitter_misc":{"Szacowany czas czytania":"3 minuty"},"schema":{"@context":"https:\/\/schema.org","@graph":[{"@type":"WebPage","@id":"https:\/\/isario.de\/index.php\/impressum\/","url":"https:\/\/isario.de\/index.php\/impressum\/","name":"Impressum -","isPartOf":{"@id":"https:\/\/isario.de\/#website"},"datePublished":"2025-01-04T13:45:38+00:00","dateModified":"2026-02-05T18:04:26+00:00","breadcrumb":{"@id":"https:\/\/isario.de\/index.php\/impressum\/#breadcrumb"},"inLanguage":"pl-PL","potentialAction":[{"@type":"ReadAction","target":["https:\/\/isario.de\/index.php\/impressum\/"]}]},{"@type":"BreadcrumbList","@id":"https:\/\/isario.de\/index.php\/impressum\/#breadcrumb","itemListElement":[{"@type":"ListItem","position":1,"name":"Strona g\u0142\u00f3wna","item":"https:\/\/isario.de\/"},{"@type":"ListItem","position":2,"name":"Impressum"}]},{"@type":"WebSite","@id":"https:\/\/isario.de\/#website","url":"https:\/\/isario.de\/","name":"Isario.de","description":"","publisher":{"@id":"https:\/\/isario.de\/#organization"},"potentialAction":[{"@type":"SearchAction","target":{"@type":"EntryPoint","urlTemplate":"https:\/\/isario.de\/?s={search_term_string}"},"query-input":{"@type":"PropertyValueSpecification","valueRequired":true,"valueName":"search_term_string"}}],"inLanguage":"pl-PL"},{"@type":"Organization","@id":"https:\/\/isario.de\/#organization","name":"Isario Facility Solutions","url":"https:\/\/isario.de\/","logo":{"@type":"ImageObject","inLanguage":"pl-PL","@id":"https:\/\/isario.de\/#\/schema\/logo\/image\/","url":"https:\/\/isario.de\/wp-content\/uploads\/2025\/12\/ISARIO-Znak-wodny-poziomy-scaled.png","contentUrl":"https:\/\/isario.de\/wp-content\/uploads\/2025\/12\/ISARIO-Znak-wodny-poziomy-scaled.png","width":2560,"height":964,"caption":"Isario Facility Solutions"},"image":{"@id":"https:\/\/isario.de\/#\/schema\/logo\/image\/"},"sameAs":["https:\/\/www.facebook.com\/HGZdanowski"]}]}},"rttpg_featured_image_url":null,"rttpg_author":{"display_name":"zdanowski2024","author_link":"https:\/\/isario.de\/index.php\/author\/zdanowski2024\/"},"rttpg_comment":0,"rttpg_category":null,"rttpg_excerpt":"Impressum Angaben gem\u00e4\u00df \u00a7 5 TMG Isario Facility SolutionsInh. Kamil ZdanowskiPollinger Str. 981377 M\u00fcnchen Telefon: +49 (0)176 60739569E-Mail: info@isario.de USt-IdNr.: [&hellip;]","_links":{"self":[{"href":"https:\/\/isario.de\/index.php\/wp-json\/wp\/v2\/pages\/437","targetHints":{"allow":["GET"]}}],"collection":[{"href":"https:\/\/isario.de\/index.php\/wp-json\/wp\/v2\/pages"}],"about":[{"href":"https:\/\/isario.de\/index.php\/wp-json\/wp\/v2\/types\/page"}],"author":[{"embeddable":true,"href":"https:\/\/isario.de\/index.php\/wp-json\/wp\/v2\/users\/1"}],"replies":[{"embeddable":true,"href":"https:\/\/isario.de\/index.php\/wp-json\/wp\/v2\/comments?post=437"}],"version-history":[{"count":20,"href":"https:\/\/isario.de\/index.php\/wp-json\/wp\/v2\/pages\/437\/revisions"}],"predecessor-version":[{"id":1218,"href":"https:\/\/isario.de\/index.php\/wp-json\/wp\/v2\/pages\/437\/revisions\/1218"}],"wp:attachment":[{"href":"https:\/\/isario.de\/index.php\/wp-json\/wp\/v2\/media?parent=437"}],"curies":[{"name":"wp","href":"https:\/\/api.w.org\/{rel}","templated":true}]}}